{"id":954,"date":"2024-08-09T11:18:30","date_gmt":"2024-08-09T09:18:30","guid":{"rendered":"https:\/\/mygepard.com\/?page_id=954"},"modified":"2024-08-09T11:23:32","modified_gmt":"2024-08-09T09:23:32","slug":"uchwyt-na-telefon","status":"publish","type":"page","link":"https:\/\/mygepard.com\/?page_id=954","title":{"rendered":"Uchwyt na telefon"},"content":{"rendered":"\t\t<div data-elementor-type=\"wp-page\" data-elementor-id=\"954\" class=\"elementor elementor-954\">\n\t\t\t\t\t\t<section class=\"elementor-section elementor-top-section elementor-element elementor-element-db0a31b elementor-section-boxed elementor-section-height-default elementor-section-height-default\" data-id=\"db0a31b\" data-element_type=\"section\">\n\t\t\t\t\t\t<div class=\"elementor-container elementor-column-gap-default\">\n\t\t\t\t\t<div class=\"elementor-column elementor-col-50 elementor-top-column elementor-element elementor-element-fa95e32\" data-id=\"fa95e32\" data-element_type=\"column\" data-settings=\"{&quot;background_background&quot;:&quot;classic&quot;}\">\n\t\t\t<div class=\"elementor-widget-wrap elementor-element-populated\">\n\t\t\t\t\t\t<div class=\"elementor-element elementor-element-d3dd1de elementor-widget__width-initial elementor-invisible elementor-widget elementor-widget-image\" data-id=\"d3dd1de\" data-element_type=\"widget\" data-settings=\"{&quot;_animation&quot;:&quot;bounceIn&quot;}\" data-widget_type=\"image.default\">\n\t\t\t\t<div class=\"elementor-widget-container\">\n\t\t\t\t\t\t\t\t\t\t\t\t\t\t\t<img fetchpriority=\"high\" decoding=\"async\" width=\"851\" height=\"1024\" src=\"https:\/\/mygepard.com\/wp-content\/uploads\/2023\/07\/gepradd-851x1024.jpg\" class=\"attachment-large size-large wp-image-525\" alt=\"\" srcset=\"https:\/\/mygepard.com\/wp-content\/uploads\/2023\/07\/gepradd-851x1024.jpg 851w, https:\/\/mygepard.com\/wp-content\/uploads\/2023\/07\/gepradd-249x300.jpg 249w, https:\/\/mygepard.com\/wp-content\/uploads\/2023\/07\/gepradd-768x924.jpg 768w, https:\/\/mygepard.com\/wp-content\/uploads\/2023\/07\/gepradd.jpg 1122w\" sizes=\"(max-width: 851px) 100vw, 851px\" \/>\t\t\t\t\t\t\t\t\t\t\t\t\t\t\t<\/div>\n\t\t\t\t<\/div>\n\t\t\t\t\t<\/div>\n\t\t<\/div>\n\t\t\t\t<div class=\"elementor-column elementor-col-50 elementor-top-column elementor-element elementor-element-d4abd9f\" data-id=\"d4abd9f\" data-element_type=\"column\" data-settings=\"{&quot;background_background&quot;:&quot;classic&quot;}\">\n\t\t\t<div class=\"elementor-widget-wrap elementor-element-populated\">\n\t\t\t\t\t\t<div class=\"elementor-element elementor-element-668f74c elementor-widget elementor-widget-menu-anchor\" data-id=\"668f74c\" data-element_type=\"widget\" data-widget_type=\"menu-anchor.default\">\n\t\t\t\t<div class=\"elementor-widget-container\">\n\t\t\t\t\t\t\t<div class=\"elementor-menu-anchor\" id=\"uchwyt\"><\/div>\n\t\t\t\t\t\t<\/div>\n\t\t\t\t<\/div>\n\t\t\t\t<div class=\"elementor-element elementor-element-e4dad6a elementor-widget elementor-widget-heading\" data-id=\"e4dad6a\" data-element_type=\"widget\" data-widget_type=\"heading.default\">\n\t\t\t\t<div class=\"elementor-widget-container\">\n\t\t\t\t\t<h2 class=\"elementor-heading-title elementor-size-default\">GEPARD<\/h2>\t\t\t\t<\/div>\n\t\t\t\t<\/div>\n\t\t\t\t<div class=\"elementor-element elementor-element-091fb71 elementor-widget elementor-widget-heading\" data-id=\"091fb71\" data-element_type=\"widget\" data-widget_type=\"heading.default\">\n\t\t\t\t<div class=\"elementor-widget-container\">\n\t\t\t\t\t<h2 class=\"elementor-heading-title elementor-size-default\">UCHWYT NA TELEFON<\/h2>\t\t\t\t<\/div>\n\t\t\t\t<\/div>\n\t\t\t\t<div class=\"elementor-element elementor-element-3f4d81a elementor-widget elementor-widget-text-editor\" data-id=\"3f4d81a\" data-element_type=\"widget\" data-widget_type=\"text-editor.default\">\n\t\t\t\t<div class=\"elementor-widget-container\">\n\t\t\t\t\t\t\t\t\t<p>Uchwyt do zamontowania na przedniej szybie w samochodzie, desce rozdzielczej lub kratce wentylacyjnej. Bardzo dobrej jako\u015bci podstawka \u017celowa zapewnia dobr\u0105 przyczepno\u015b\u0107 na wielu rodzajach powierzchni. Rozsuwane klamry zapewniaj\u0105 umieszczenie telefon\u00f3w o r\u00f3\u017cnej szeroko\u015bci od<strong> 4\u201d do 7\u201d.<\/strong><\/p>\t\t\t\t\t\t\t\t<\/div>\n\t\t\t\t<\/div>\n\t\t\t\t<div class=\"elementor-element elementor-element-04527a6 elementor-widget elementor-widget-heading\" data-id=\"04527a6\" data-element_type=\"widget\" data-widget_type=\"heading.default\">\n\t\t\t\t<div class=\"elementor-widget-container\">\n\t\t\t\t\t<h2 class=\"elementor-heading-title elementor-size-default\">CECHY PRODUKTU:<\/h2>\t\t\t\t<\/div>\n\t\t\t\t<\/div>\n\t\t\t\t<div class=\"elementor-element elementor-element-c3993bf elementor-widget elementor-widget-text-editor\" data-id=\"c3993bf\" data-element_type=\"widget\" data-widget_type=\"text-editor.default\">\n\t\t\t\t<div class=\"elementor-widget-container\">\n\t\t\t\t\t\t\t\t\t<ul><li>Mocowanie na szybie<\/li><li>Mocowanie na desce rozdzielczej<\/li><li>Mocowanie w klatce wentylacyjnej<\/li><li>Rotacja 360\u00b0<\/li><\/ul>\t\t\t\t\t\t\t\t<\/div>\n\t\t\t\t<\/div>\n\t\t\t\t<div class=\"elementor-element elementor-element-70741f6 elementor-align-left elementor-widget elementor-widget-button\" data-id=\"70741f6\" data-element_type=\"widget\" data-widget_type=\"button.default\">\n\t\t\t\t<div class=\"elementor-widget-container\">\n\t\t\t\t\t\t\t\t\t<div class=\"elementor-button-wrapper\">\n\t\t\t\t\t<a class=\"elementor-button elementor-button-link elementor-size-sm\" href=\"https:\/\/mygepard.com\/wp-content\/uploads\/2023\/08\/Karta-produktowa-uchwyt-samochodowy-GEPARD.pdf\" target=\"_blank\" rel=\"nofollow\">\n\t\t\t\t\t\t<span class=\"elementor-button-content-wrapper\">\n\t\t\t\t\t\t\t\t\t<span class=\"elementor-button-text\">KARTA PRODUKTOWA<\/span>\n\t\t\t\t\t<\/span>\n\t\t\t\t\t<\/a>\n\t\t\t\t<\/div>\n\t\t\t\t\t\t\t\t<\/div>\n\t\t\t\t<\/div>\n\t\t\t\t<div class=\"elementor-element elementor-element-2d82c33 elementor-align-left elementor-widget elementor-widget-button\" data-id=\"2d82c33\" data-element_type=\"widget\" data-widget_type=\"button.default\">\n\t\t\t\t<div class=\"elementor-widget-container\">\n\t\t\t\t\t\t\t\t\t<div class=\"elementor-button-wrapper\">\n\t\t\t\t\t<a class=\"elementor-button elementor-button-link elementor-size-sm\" href=\"https:\/\/b2b.lamelbrands.com\/produkty\/akcesoria-oryginalne\/gepard\/2-212\">\n\t\t\t\t\t\t<span class=\"elementor-button-content-wrapper\">\n\t\t\t\t\t\t\t\t\t<span class=\"elementor-button-text\">SKLEP B2B  &gt;&gt;&gt;<\/span>\n\t\t\t\t\t<\/span>\n\t\t\t\t\t<\/a>\n\t\t\t\t<\/div>\n\t\t\t\t\t\t\t\t<\/div>\n\t\t\t\t<\/div>\n\t\t\t\t\t<\/div>\n\t\t<\/div>\n\t\t\t\t\t<\/div>\n\t\t<\/section>\n\t\t\t\t<\/div>\n\t\t","protected":false},"excerpt":{"rendered":"<p>GEPARD UCHWYT NA TELEFON Uchwyt do zamontowania na przedniej szybie w samochodzie, desce rozdzielczej lub kratce wentylacyjnej. Bardzo dobrej jako\u015bci podstawka \u017celowa zapewnia dobr\u0105 przyczepno\u015b\u0107 na wielu rodzajach powierzchni. Rozsuwane klamry zapewniaj\u0105 umieszczenie telefon\u00f3w o r\u00f3\u017cnej szeroko\u015bci od 4\u201d do 7\u201d. CECHY PRODUKTU: Mocowanie na szybie Mocowanie na desce rozdzielczej Mocowanie w klatce wentylacyjnej Rotacja&hellip;&nbsp;<a href=\"https:\/\/mygepard.com\/?page_id=954\" rel=\"bookmark\">Dowiedz si\u0119 wi\u0119cej &raquo;<span class=\"screen-reader-text\">Uchwyt na telefon<\/span><\/a><\/p>\n","protected":false},"author":2,"featured_media":0,"parent":0,"menu_order":0,"comment_status":"closed","ping_status":"closed","template":"page-templates\/template-pagebuilder-full-width.php","meta":{"neve_meta_sidebar":"","neve_meta_container":"","neve_meta_enable_content_width":"","neve_meta_content_width":0,"neve_meta_title_alignment":"","neve_meta_author_avatar":"","neve_post_elements_order":"","neve_meta_disable_header":"","neve_meta_disable_footer":"","neve_meta_disable_title":"","_themeisle_gutenberg_block_has_review":false,"footnotes":""},"class_list":["post-954","page","type-page","status-publish","hentry"],"_links":{"self":[{"href":"https:\/\/mygepard.com\/index.php?rest_route=\/wp\/v2\/pages\/954","targetHints":{"allow":["GET"]}}],"collection":[{"href":"https:\/\/mygepard.com\/index.php?rest_route=\/wp\/v2\/pages"}],"about":[{"href":"https:\/\/mygepard.com\/index.php?rest_route=\/wp\/v2\/types\/page"}],"author":[{"embeddable":true,"href":"https:\/\/mygepard.com\/index.php?rest_route=\/wp\/v2\/users\/2"}],"replies":[{"embeddable":true,"href":"https:\/\/mygepard.com\/index.php?rest_route=%2Fwp%2Fv2%2Fcomments&post=954"}],"version-history":[{"count":5,"href":"https:\/\/mygepard.com\/index.php?rest_route=\/wp\/v2\/pages\/954\/revisions"}],"predecessor-version":[{"id":976,"href":"https:\/\/mygepard.com\/index.php?rest_route=\/wp\/v2\/pages\/954\/revisions\/976"}],"wp:attachment":[{"href":"https:\/\/mygepard.com\/index.php?rest_route=%2Fwp%2Fv2%2Fmedia&parent=954"}],"curies":[{"name":"wp","href":"https:\/\/api.w.org\/{rel}","templated":true}]}}